{"id":96,"date":"2022-11-01T13:28:59","date_gmt":"2022-11-01T13:28:59","guid":{"rendered":"https:\/\/www.cssigniter.com\/elementor-demos\/carbone\/?page_id=96"},"modified":"2025-11-21T14:31:30","modified_gmt":"2025-11-21T14:31:30","slug":"about-us","status":"publish","type":"page","link":"https:\/\/sinogear4x4.com\/web\/tr\/about-us\/","title":{"rendered":"Hakk\u0131m\u0131zda"},"content":{"rendered":"<div data-elementor-type=\"wp-page\" data-elementor-id=\"96\" class=\"elementor elementor-96\">\n\t\t\t\t\t\t<section class=\"elementor-section elementor-top-section elementor-element elementor-element-5717a1a elementor-section-full_width elementor-section-height-default elementor-section-height-default\" data-id=\"5717a1a\" data-element_type=\"section\" data-e-type=\"section\">\n\t\t\t\t\t\t<div class=\"elementor-container elementor-column-gap-no\">\n\t\t\t\t\t<div class=\"elementor-column elementor-col-100 elementor-top-column elementor-element elementor-element-f98ef1b\" data-id=\"f98ef1b\" data-element_type=\"column\" data-e-type=\"column\">\n\t\t\t<div class=\"elementor-widget-wrap elementor-element-populated\">\n\t\t\t\t\t\t<div class=\"elementor-element elementor-element-f63c500 elementor-widget elementor-widget-spacer\" data-id=\"f63c500\" data-element_type=\"widget\" data-e-type=\"widget\" data-widget_type=\"spacer.default\">\n\t\t\t\t\t\t\t<div class=\"elementor-spacer\">\n\t\t\t<div class=\"elementor-spacer-inner\"><\/div>\n\t\t<\/div>\n\t\t\t\t\t\t<\/div>\n\t\t\t\t<section class=\"elementor-section elementor-inner-section elementor-element elementor-element-a0e09de elementor-section-full_width elementor-section-height-default elementor-section-height-default\" data-id=\"a0e09de\" data-element_type=\"section\" data-e-type=\"section\">\n\t\t\t\t\t\t<div class=\"elementor-container elementor-column-gap-no\">\n\t\t\t\t\t<div class=\"elementor-column elementor-col-50 elementor-inner-column elementor-element elementor-element-c0f8201\" data-id=\"c0f8201\" data-element_type=\"column\" data-e-type=\"column\">\n\t\t\t<div class=\"elementor-widget-wrap elementor-element-populated\">\n\t\t\t\t\t\t<div class=\"elementor-element elementor-element-230bb24 elementor-widget elementor-widget-heading\" data-id=\"230bb24\" data-element_type=\"widget\" data-e-type=\"widget\" data-widget_type=\"heading.default\">\n\t\t\t\t\t<h2 class=\"elementor-heading-title elementor-size-default\">SINOGEAR Hakk\u0131nda<\/h2>\t\t\t\t<\/div>\n\t\t\t\t<div class=\"elementor-element elementor-element-d5f9ec5 elementor-widget elementor-widget-image\" data-id=\"d5f9ec5\" data-element_type=\"widget\" data-e-type=\"widget\" data-widget_type=\"image.default\">\n\t\t\t\t\t\t\t\t\t\t\t\t\t\t\t<img decoding=\"async\" width=\"84\" height=\"6\" src=\"https:\/\/sinogear4x4.com\/web\/wp-content\/uploads\/2022\/11\/divider.svg\" class=\"attachment-full size-full wp-image-108\" alt=\"\" \/>\t\t\t\t\t\t\t\t\t\t\t\t\t\t\t<\/div>\n\t\t\t\t<div class=\"elementor-element elementor-element-9292044 elementor-widget elementor-widget-spacer\" data-id=\"9292044\" data-element_type=\"widget\" data-e-type=\"widget\" data-widget_type=\"spacer.default\">\n\t\t\t\t\t\t\t<div class=\"elementor-spacer\">\n\t\t\t<div class=\"elementor-spacer-inner\"><\/div>\n\t\t<\/div>\n\t\t\t\t\t\t<\/div>\n\t\t\t\t<div class=\"elementor-element elementor-element-ac5606b elementor-widget elementor-widget-text-editor\" data-id=\"ac5606b\" data-element_type=\"widget\" data-e-type=\"widget\" data-widget_type=\"text-editor.default\">\n\t\t\t\t\t\t\t\t\t<p>SINOGEAR 4X4 olarak, her t\u00fcrl\u00fc arazi ko\u015fuluna uygun, dayan\u0131kl\u0131 ve y\u00fcksek performansl\u0131 4x4 aksesuarlar\u0131yla her maceraya g\u00fc\u00e7 katmaya kararl\u0131y\u0131z. Yenilik\u00e7ilik, g\u00fcvenilirlik ve sa\u011flam m\u00fchendislik tutkusuyla in\u015fa edilen markam\u0131z, ister da\u011flarda, ister \u00e7\u00f6llerde, ister ormanlarda veya zorlu \u015fehir yollar\u0131nda olsun, arazi s\u00fcr\u00fcc\u00fclerinin g\u00fcvenebilece\u011fi \u00fcr\u00fcnler sunuyor.<\/p>\t\t\t\t\t\t\t\t<\/div>\n\t\t\t\t<div class=\"elementor-element elementor-element-0bf50ce elementor-widget elementor-widget-text-editor\" data-id=\"0bf50ce\" data-element_type=\"widget\" data-e-type=\"widget\" data-widget_type=\"text-editor.default\">\n\t\t\t\t\t\t\t\t\t<p>Arac\u0131n\u0131z\u0131n dayan\u0131kl\u0131l\u0131\u011f\u0131n\u0131, g\u00fcvenli\u011fini ve stilini art\u0131rmak i\u00e7in tasarlanm\u0131\u015f \u00f6n barlar, arka barlar, ta\u015f\u0131y\u0131c\u0131lar, koruma kitleri ve geni\u015f bir aksesuar yelpazesi dahil olmak \u00fczere, ihracat kalitesinde 4x4 ekipmanlar\u0131 \u00fcretiminde uzmanla\u015ft\u0131k. Her SINOGEAR 4x4 \u00fcr\u00fcn\u00fc, zorluk ne olursa olsun uzun \u00f6m\u00fcrl\u00fc performans sa\u011flamak i\u00e7in birinci s\u0131n\u0131f malzemeler kullan\u0131larak hassasiyetle \u00fcretilmi\u015ftir.<\/p>\t\t\t\t\t\t\t\t<\/div>\n\t\t\t\t<div class=\"elementor-element elementor-element-8561867 elementor-widget elementor-widget-image\" data-id=\"8561867\" data-element_type=\"widget\" data-e-type=\"widget\" data-widget_type=\"image.default\">\n\t\t\t\t\t\t\t\t\t\t\t\t\t\t\t<img decoding=\"async\" width=\"84\" height=\"6\" src=\"https:\/\/sinogear4x4.com\/web\/wp-content\/uploads\/2022\/11\/divider.svg\" class=\"attachment-full size-full wp-image-108\" alt=\"\" \/>\t\t\t\t\t\t\t\t\t\t\t\t\t\t\t<\/div>\n\t\t\t\t<div class=\"elementor-element elementor-element-1028155 elementor-widget elementor-widget-spacer\" data-id=\"1028155\" data-element_type=\"widget\" data-e-type=\"widget\" data-widget_type=\"spacer.default\">\n\t\t\t\t\t\t\t<div class=\"elementor-spacer\">\n\t\t\t<div class=\"elementor-spacer-inner\"><\/div>\n\t\t<\/div>\n\t\t\t\t\t\t<\/div>\n\t\t\t\t<div class=\"elementor-element elementor-element-761082b elementor-widget elementor-widget-testimonial\" data-id=\"761082b\" data-element_type=\"widget\" data-e-type=\"widget\" data-widget_type=\"testimonial.default\">\n\t\t\t\t\t\t\t<div class=\"elementor-testimonial-wrapper\">\n\t\t\t\t\t\t\t<div class=\"elementor-testimonial-content\">Misyonumuz basit: Arac\u0131n\u0131z\u0131 yetenekli ve maceraya haz\u0131r bir makineye d\u00f6n\u00fc\u015ft\u00fcren g\u00fcvenilir, uzmanca \u00fcretilmi\u015f ekipmanlar sa\u011flamak. Kaliteli i\u015f\u00e7ili\u011fe ve m\u00fc\u015fteri memnuniyetine olan ba\u011fl\u0131l\u0131\u011f\u0131m\u0131zla, d\u00fcnya \u00e7ap\u0131ndaki arazi tutkunlar\u0131n\u0131n de\u011fi\u015fen ihtiya\u00e7lar\u0131n\u0131 kar\u015f\u0131lamak i\u00e7in \u00fcr\u00fcn yelpazemizi s\u00fcrekli olarak geni\u015fletiyoruz. SINOGEAR 4X4'te sadece aksesuar \u00fcretmiyoruz; g\u00fcveni, dayan\u0131kl\u0131l\u0131\u011f\u0131 ve maceray\u0131 m\u00fcmk\u00fcn k\u0131l\u0131yoruz.<\/div>\n\t\t\t\n\t\t\t\t\t\t<div class=\"elementor-testimonial-meta elementor-has-image elementor-testimonial-image-position-aside\">\n\t\t\t\t<div class=\"elementor-testimonial-meta-inner\">\n\t\t\t\t\t\t\t\t\t\t\t<div class=\"elementor-testimonial-image\">\n\t\t\t\t\t\t\t<img decoding=\"async\" width=\"215\" height=\"212\" src=\"https:\/\/sinogear4x4.com\/web\/wp-content\/uploads\/2025\/11\/mustafa.jpg\" class=\"attachment-full size-full wp-image-560\" alt=\"\" srcset=\"https:\/\/sinogear4x4.com\/web\/wp-content\/uploads\/2025\/11\/mustafa.jpg 215w, https:\/\/sinogear4x4.com\/web\/wp-content\/uploads\/2025\/11\/mustafa-12x12.jpg 12w\" sizes=\"(max-width: 215px) 100vw, 215px\" \/>\t\t\t\t\t\t<\/div>\n\t\t\t\t\t\n\t\t\t\t\t\t\t\t\t\t<div class=\"elementor-testimonial-details\">\n\t\t\t\t\t\t\t\t\t\t\t\t\t\t<div class=\"elementor-testimonial-name\">Mustafa<\/div>\n\t\t\t\t\t\t\t\t\t\t\t\t\t\t\t\t\t\t\t\t\t\t<div class=\"elementor-testimonial-job\">Mal sahibi<\/div>\n\t\t\t\t\t\t\t\t\t\t\t\t\t<\/div>\n\t\t\t\t\t\t\t\t\t<\/div>\n\t\t\t<\/div>\n\t\t\t\t\t<\/div>\n\t\t\t\t\t\t<\/div>\n\t\t\t\t<div class=\"elementor-element elementor-element-3ba6e6c elementor-hidden-desktop elementor-widget elementor-widget-spacer\" data-id=\"3ba6e6c\" data-element_type=\"widget\" data-e-type=\"widget\" data-widget_type=\"spacer.default\">\n\t\t\t\t\t\t\t<div class=\"elementor-spacer\">\n\t\t\t<div class=\"elementor-spacer-inner\"><\/div>\n\t\t<\/div>\n\t\t\t\t\t\t<\/div>\n\t\t\t\t\t<\/div>\n\t\t<\/div>\n\t\t\t\t<div class=\"elementor-column elementor-col-50 elementor-inner-column elementor-element elementor-element-bae7e9b\" data-id=\"bae7e9b\" data-element_type=\"column\" data-e-type=\"column\">\n\t\t\t<div class=\"elementor-widget-wrap elementor-element-populated\">\n\t\t\t\t\t\t<div class=\"elementor-element elementor-element-bd9497a elementor-widget elementor-widget-image\" data-id=\"bd9497a\" data-element_type=\"widget\" data-e-type=\"widget\" data-widget_type=\"image.default\">\n\t\t\t\t\t\t\t\t\t\t\t\t\t\t\t<img fetchpriority=\"high\" decoding=\"async\" width=\"771\" height=\"578\" src=\"https:\/\/sinogear4x4.com\/web\/wp-content\/uploads\/2025\/11\/mainer.jpg\" class=\"attachment-full size-full wp-image-564\" alt=\"\" srcset=\"https:\/\/sinogear4x4.com\/web\/wp-content\/uploads\/2025\/11\/mainer.jpg 771w, https:\/\/sinogear4x4.com\/web\/wp-content\/uploads\/2025\/11\/mainer-300x225.jpg 300w, https:\/\/sinogear4x4.com\/web\/wp-content\/uploads\/2025\/11\/mainer-768x576.jpg 768w, https:\/\/sinogear4x4.com\/web\/wp-content\/uploads\/2025\/11\/mainer-16x12.jpg 16w, https:\/\/sinogear4x4.com\/web\/wp-content\/uploads\/2025\/11\/mainer-560x420.jpg 560w\" sizes=\"(max-width: 771px) 100vw, 771px\" \/>\t\t\t\t\t\t\t\t\t\t\t\t\t\t\t<\/div>\n\t\t\t\t\t<\/div>\n\t\t<\/div>\n\t\t\t\t\t<\/div>\n\t\t<\/section>\n\t\t\t\t<div class=\"elementor-element elementor-element-3a277f4 elementor-widget elementor-widget-spacer\" data-id=\"3a277f4\" data-element_type=\"widget\" data-e-type=\"widget\" data-widget_type=\"spacer.default\">\n\t\t\t\t\t\t\t<div class=\"elementor-spacer\">\n\t\t\t<div class=\"elementor-spacer-inner\"><\/div>\n\t\t<\/div>\n\t\t\t\t\t\t<\/div>\n\t\t\t\t\t<\/div>\n\t\t<\/div>\n\t\t\t\t\t<\/div>\n\t\t<\/section>\n\t\t\t\t<\/div>","protected":false},"excerpt":{"rendered":"<p>2023'te kuruldu<\/p>","protected":false},"author":1,"featured_media":0,"parent":0,"menu_order":0,"comment_status":"closed","ping_status":"closed","template":"templates\/template-fullwidth-boxed.php","meta":{"inline_featured_image":false,"_monsterinsights_skip_tracking":false,"_monsterinsights_sitenote_active":false,"_monsterinsights_sitenote_note":"","_monsterinsights_sitenote_category":0,"_joinchat":[],"footnotes":""},"class_list":["post-96","page","type-page","status-publish","hentry"],"aioseo_notices":[],"_hostinger_reach_plugin_has_subscription_block":false,"_hostinger_reach_plugin_is_elementor":false,"_links":{"self":[{"href":"https:\/\/sinogear4x4.com\/web\/tr\/wp-json\/wp\/v2\/pages\/96","targetHints":{"allow":["GET"]}}],"collection":[{"href":"https:\/\/sinogear4x4.com\/web\/tr\/wp-json\/wp\/v2\/pages"}],"about":[{"href":"https:\/\/sinogear4x4.com\/web\/tr\/wp-json\/wp\/v2\/types\/page"}],"author":[{"embeddable":true,"href":"https:\/\/sinogear4x4.com\/web\/tr\/wp-json\/wp\/v2\/users\/1"}],"replies":[{"embeddable":true,"href":"https:\/\/sinogear4x4.com\/web\/tr\/wp-json\/wp\/v2\/comments?post=96"}],"version-history":[{"count":11,"href":"https:\/\/sinogear4x4.com\/web\/tr\/wp-json\/wp\/v2\/pages\/96\/revisions"}],"predecessor-version":[{"id":614,"href":"https:\/\/sinogear4x4.com\/web\/tr\/wp-json\/wp\/v2\/pages\/96\/revisions\/614"}],"wp:attachment":[{"href":"https:\/\/sinogear4x4.com\/web\/tr\/wp-json\/wp\/v2\/media?parent=96"}],"curies":[{"name":"wp","href":"https:\/\/api.w.org\/{rel}","templated":true}]}}